{"id":577,"date":"2026-04-17T14:27:06","date_gmt":"2026-04-17T12:27:06","guid":{"rendered":"https:\/\/doccrew.retedoc.net\/?page_id=577"},"modified":"2026-04-17T14:57:55","modified_gmt":"2026-04-17T12:57:55","slug":"dichiarazione-di-accessibilita","status":"publish","type":"page","link":"https:\/\/doccrew.retedoc.net\/index.php\/dichiarazione-di-accessibilita\/","title":{"rendered":"Dichiarazione di accessibilit\u00e0"},"content":{"rendered":"<p>Crediamo fermamente che Internet debba essere disponibile e accessibile a tutti e ci impegniamo a fornire punti di contatto accessibili al pi\u00f9 ampio pubblico possibile, indipendentemente dalle circostanze e dalle capacit\u00e0. A tal fine, Doc Crew lavora in collaborazione con AccessiWay, partner specializzato in accessibilit\u00e0 digitale, per aderire il pi\u00f9 possibile alle Linee guida per l\u2019accessibilit\u00e0 dei contenuti web (WCAG) del World Wide Web Consortium (W3C).<br \/>\nQueste linee guida spiegano come rendere i contenuti web accessibili a persone con un\u2019ampia gamma di esigenze: persone cieche o ipovedenti, con disabilit\u00e0 motorie, cognitive, neurologiche o sensoriali.<\/p>\n<p>L\u2019adesione alle WCAG e il supporto tecnico di AccessiWay ci aiutano a garantire che il sito sia utilizzabile dal pi\u00f9 ampio numero possibile di persone, nel rispetto dei principi di inclusivit\u00e0 e delle normative vigenti.<\/p>\n<p>Se desiderate contattare il proprietario del sito web, utilizzate il seguente indirizzo e-mail: <strong>accessibility@retedoc.net<\/strong>.<\/p>\n<p>Siamo attualmente in fase di adeguamento e stiamo lavorando per rendere il sito conforme ai criteri di accessibilit\u00e0 WCAG.<\/p>\n<p>La Dichiarazione di Accessibilit\u00e0 ufficiale sar\u00e0 pubblicata entro breve, non appena completata l\u2019analisi tecnica dei contenuti e avviate le attivit\u00e0 di rimediazione degli eventuali errori riscontrati.<\/p>\n<p>Nonostante i nostri sforzi per consentire a chiunque di adattare il sito alle proprie esigenze, \u00e8 possibile che vi siano ancora pagine o sezioni che non sono completamente accessibili, che sono in procinto di diventarlo o che non dispongono di una soluzione tecnologica adeguata per renderle tali.<\/p>\n<p>Ci impegniamo costantemente a migliorare la nostra accessibilit\u00e0, aggiungendo, aggiornando e migliorando le opzioni e le funzionalit\u00e0, nonch\u00e9 sviluppando e adottando nuove tecnologie. Tutto questo per raggiungere un livello ottimale di accessibilit\u00e0, seguendo i progressi tecnologici.<\/p>\n<h2><\/h2>\n<h2><strong>Personalizzazione tramite il nostro widget di accessibilit\u00e0<\/strong><\/h2>\n<p>Il widget di accessibilit\u00e0 fornito da AccessiWay \u00e8 uno strumento che contribuisce a migliorare l\u2019accessibilit\u00e0 del sito, rendendolo pi\u00f9 fruibile e compatibile con le principali tecnologie assistive. Attraverso funzionalit\u00e0 personalizzabili, supporta una navigazione inclusiva per utenti con disabilit\u00e0 visive, motorie, cognitive e neurologiche, in linea con quanto previsto dalle normative italiane ed europee. Il widget \u00e8 accessibile:<\/p>\n<ul>\n<li>via tastiera all\u2019inizio della pagina (premere tab);<\/li>\n<li>oppure con il mouse, in posizione fissa in basso (icona \u201caccesso universale\u201d).<\/li>\n<\/ul>\n<p><strong>Esempi di funzionalit\u00e0 disponibili:<\/strong><\/p>\n<ul>\n<li>uso senza vista: premere TAB tre volte o attivare modalit\u00e0 compatibile con screen reader;<\/li>\n<li>vista limitata: attivare zoom, alto contrasto, modifica dei caratteri;<\/li>\n<li>disabilit\u00e0 cromatiche: evidenziare link, titoli e contenuti cliccabili;<\/li>\n<li>mobilit\u00e0 limitata: navigare via tastiera o strumenti alternativi;<\/li>\n<li>sensibilit\u00e0 visiva\/fotosensibilit\u00e0: disattivare animazioni e attivare palette a basso stimolo visivo;<\/li>\n<\/ul>\n<p>Se la corretta attivazione di una delle funzionalit\u00e0 dovesse compromettere la compatibilit\u00e0 con la vostra configurazione o tecnologia assistiva, vi preghiamo di contattarci e, nel frattempo, di disattivare il widget tramite l\u2019apposito pulsante, per evitare un uso non adeguato del nostro servizio.<\/p>\n<p>&nbsp;<\/p>\n<p>&nbsp;<\/p>\n<p>&nbsp;<\/p>\n","protected":false},"excerpt":{"rendered":"<p>Crediamo fermamente che Internet debba essere disponibile e accessibile a tutti e ci impegniamo a fornire punti di contatto accessibili al pi\u00f9 ampio pubblico possibile, indipendentemente dalle circostanze e dalle capacit\u00e0. A tal fine, Doc Crew lavora in collaborazione con AccessiWay, partner specializzato in accessibilit\u00e0 digitale, per aderire il pi\u00f9 possibile alle Linee guida per [&hellip;]<\/p>\n","protected":false},"author":3,"featured_media":0,"parent":0,"menu_order":0,"comment_status":"closed","ping_status":"closed","template":"","meta":{"_et_pb_use_builder":"","_et_pb_old_content":"","_et_gb_content_width":"","footnotes":""},"class_list":["post-577","page","type-page","status-publish","hentry"],"_links":{"self":[{"href":"https:\/\/doccrew.retedoc.net\/index.php\/wp-json\/wp\/v2\/pages\/577","targetHints":{"allow":["GET"]}}],"collection":[{"href":"https:\/\/doccrew.retedoc.net\/index.php\/wp-json\/wp\/v2\/pages"}],"about":[{"href":"https:\/\/doccrew.retedoc.net\/index.php\/wp-json\/wp\/v2\/types\/page"}],"author":[{"embeddable":true,"href":"https:\/\/doccrew.retedoc.net\/index.php\/wp-json\/wp\/v2\/users\/3"}],"replies":[{"embeddable":true,"href":"https:\/\/doccrew.retedoc.net\/index.php\/wp-json\/wp\/v2\/comments?post=577"}],"version-history":[{"count":4,"href":"https:\/\/doccrew.retedoc.net\/index.php\/wp-json\/wp\/v2\/pages\/577\/revisions"}],"predecessor-version":[{"id":583,"href":"https:\/\/doccrew.retedoc.net\/index.php\/wp-json\/wp\/v2\/pages\/577\/revisions\/583"}],"wp:attachment":[{"href":"https:\/\/doccrew.retedoc.net\/index.php\/wp-json\/wp\/v2\/media?parent=577"}],"curies":[{"name":"wp","href":"https:\/\/api.w.org\/{rel}","templated":true}]}}