{"id":492,"date":"2023-06-30T14:41:59","date_gmt":"2023-06-30T12:41:59","guid":{"rendered":"https:\/\/doccrew.retedoc.net\/?page_id=492"},"modified":"2023-11-10T14:09:16","modified_gmt":"2023-11-10T13:09:16","slug":"privacy-policy","status":"publish","type":"page","link":"https:\/\/doccrew.retedoc.net\/index.php\/privacy-policy\/","title":{"rendered":"Privacy policy"},"content":{"rendered":"<p>[et_pb_section fb_built=&#8221;1&#8243; inner_shadow=&#8221;on&#8221; admin_label=&#8221;Header&#8221; _builder_version=&#8221;4.21.0&#8243; _module_preset=&#8221;default&#8221; background_color=&#8221;#000000&#8243; background_enable_image=&#8221;off&#8221; background_enable_video_mp4=&#8221;off&#8221; custom_padding=&#8221;200px||200px||true|false&#8221; collapsed=&#8221;on&#8221; global_colors_info=&#8221;{}&#8221;][et_pb_row _builder_version=&#8221;4.20.0&#8243; _module_preset=&#8221;default&#8221; global_colors_info=&#8221;{}&#8221;][et_pb_column type=&#8221;4_4&#8243; _builder_version=&#8221;4.20.0&#8243; _module_preset=&#8221;default&#8221; global_colors_info=&#8221;{}&#8221;][et_pb_text _builder_version=&#8221;4.21.0&#8243; _module_preset=&#8221;62951bfe-5456-4e79-9c57-4dc8c8b217cb&#8221; text_font=&#8221;|300|||||||&#8221; text_text_color=&#8221;#FFFFFF&#8221; text_font_size=&#8221;20px&#8221; text_line_height=&#8221;2.6em&#8221; header_font=&#8221;|600|||||||&#8221; header_text_align=&#8221;center&#8221; header_text_color=&#8221;#FFFFFF&#8221; header_font_size=&#8221;50px&#8221; header_letter_spacing=&#8221;0em&#8221; header_line_height=&#8221;1.1em&#8221; text_orientation=&#8221;center&#8221; animation_style=&#8221;slide&#8221; animation_direction=&#8221;bottom&#8221; animation_duration=&#8221;1200ms&#8221; global_colors_info=&#8221;{}&#8221;]<\/p>\n<h1>Privacy policy<\/h1>\n<p>Aggiornata al 20 gennaio 2023<\/p>\n<p>[\/et_pb_text][\/et_pb_column][\/et_pb_row][\/et_pb_section][et_pb_section fb_built=&#8221;1&#8243; _builder_version=&#8221;4.21.0&#8243; _module_preset=&#8221;default&#8221; global_colors_info=&#8221;{}&#8221;][et_pb_row _builder_version=&#8221;4.21.0&#8243; _module_preset=&#8221;default&#8221; global_colors_info=&#8221;{}&#8221;][et_pb_column type=&#8221;4_4&#8243; _builder_version=&#8221;4.21.0&#8243; _module_preset=&#8221;default&#8221; global_colors_info=&#8221;{}&#8221;][et_pb_text _builder_version=&#8221;4.21.0&#8243; _module_preset=&#8221;default&#8221; global_colors_info=&#8221;{}&#8221;]<\/p>\n<p><span>Come richiesto dal Garante questo documento \u00e8 stato scritto in maniera comprensibile e trasparente usando un linguaggio chiaro e semplice.<\/span><br \/><span>Le persone che lavorano in Doc Crew e fanno parte della Rete Doc hanno accesso ai dati e lavorano seguendo gli stessi principi di riservatezza e sicurezza. Andremo ora a vedere alcuni elementi fondamentali:<\/span><br \/><span>\u2013 chi tratta i tuoi dati<\/span><br \/><span>\u2013 che trattamenti facciamo e perch\u00e9<\/span><br \/><span>\u2013 i tuoi diritti<\/span><\/p>\n<p><strong>Chi tratta i tuoi dati<\/strong><\/p>\n<p>Il titolare del trattamento dei tuoi dati \u00e8 Doc Servizi, Via L. Pirandello 31\/B, Verona, e gestiamo i tuoi dati secondo quanto indicato dal Codice Privacy (Dlgs. 196\/03) e il GDPR (Regolamento UE 679\/2016).<br \/>Come scritto nelle primissime righe le persone che lavorano in Doc Crew e fanno parte della Rete Doc hanno accesso ai dati e lavorano seguendo gli stessi principi di riservatezza e sicurezza.<\/p>\n<p>Trattiamo i tuoi dati presso le nostre sedi e in ogni altro luogo in cui operano le persone e aziende coinvolte nel trattamento<\/p>\n<p>Abbiamo un DPO come parte della Rete Doc e la sua mail \u00e8<span>\u00a0<\/span>dpo@retedoc.net.<\/p>\n<p><strong>I trattamenti che facciamo e perch\u00e9<\/strong><br \/><span>I dati che possono essere raccolti dal sito saranno finalizzati per due trattamenti separati:<\/span><br \/><span>1. Raccolta modulo contatti<\/span><br \/><span>2. Uso del sito<\/span><\/p>\n<p><strong>1. Raccolta tramite Modulo Contatti<\/strong><br \/><span>Qual \u00e8 la finalit\u00e0? Rendere informazioni su richiesta specifica dell\u2019utente, questa finalit\u00e0 non richiede il tuo consenso.<\/span><br \/><span>I dati trattati per questa finalit\u00e0, nome, cognome e-mail, non saranno conservati n\u00e9 utilizzati per altre finalit\u00e0 n\u00e9 saranno comunicati a terze parti.<\/span><\/p>\n<p><strong>2. Uso del Sito (Analytics, Cookies e Retargeting)<\/strong><br \/><span>Solo dietro tuo esplicito consenso all\u2019attivazione dal banner di apertura del sito potremo attivare dei cookies che ci permetteranno di effettuare anche azioni di comunicazione pubblicitaria tramite la tua identificazione.<\/span><br \/><span>Potrai attivare il banner cliccando su link del banner di Cookiebot.<\/span><\/p>\n<p><strong>Utilizzo di Google Analytics<\/strong><br \/><span>Il sito utilizza il tool di Google Analytics nella sua ultima versione GA4 anonimizzando i dati degli utenti, non essendo per ora considerato sicuro il trasferimento dei dati negli USA (sentenza SCHREMS II) dovremo chiederti un esplicito consenso all\u2019attivazione dei cookies per questa finalit\u00e0 e per il trasferimento verso gli USA.<\/span><br \/><span>Per quanto riguarda il Pixel di Facebook anch\u2019esso \u00e8 installato tramite Google Tag Manager e ci serve per creare delle audience di persone che hanno visitato il sito: ovviamente \u00e8 Facebook che ha queste informazioni e noi non sappiamo esattamente chi faccia parte delle audience.<\/span><\/p>\n<p><span><strong>Retargeting<\/strong><br \/>In alcuni periodi dell\u2019anno facciamo delle campagne di retargeting (o remarketing), cio\u00e8 facciamo in modo che tu veda, ad esempio su Facebook, pubblicit\u00e0 relativa a Doc Servizi o alle pagine che hai gi\u00e0 visitato.<br \/>Il retargeting \u00e8 possibile grazie all\u2019uso di specifici cookies, che sei libero di attivare o lasciare disattivati dal banner di apertura del sito.<br \/><\/span><\/p>\n<p><span><strong>Cookies<\/strong><br \/>I cookies (biscotti) sono piccoli file di testo che i siti registrano nella memoria del dispositivo (computer, smarthpone etc.).<br \/>Su questo sito, usiamo cookie tecnici per ricordare se ti abbiamo informato dell\u2019esistenza dei cookies, o se invece dobbiamo avvisarti che li usiamo e invitarti a leggere questa informativa.<br \/>Usiamo anche cookie di terze parti, che sei libero di attivare o lasciare disattivati, per tracciare la tua visita in modo da farti vedere o meno certe campagne pubblicitarie (ad esempio su Facebook o mentre fai ricerche su Google).<br \/><\/span><\/p>\n<p><span><strong>I tuoi diritti<\/strong><br \/>\u00c8 importante che tu sappia quali sono i tuoi diritti in merito al trattamento dei dati.<br \/>Hai il diritto di:<br \/>\u2013 revocare il consenso in ogni momento;<br \/>\u2013 opporti al trattamento dei tuoi dati;<br \/>\u2013 accedere ai tuoi dati e riceverne una copia;<br \/>\u2013 verificare la correttezza dei tuoi dati e chiederne la rettifica, l\u2019aggiornamento o la correzione;<br \/>\u2013 ottenere la limitazione del trattamento;<br \/>\u2013 ottenere la cancellazione o rimozione dei tuoi dati;<br \/>\u2013 fare un reclamo all\u2019autorit\u00e0 di controllo della protezione dei dati personali competente (modulo scaricabile dalla pagina:\u00a0<a href=\"https:\/\/gpdp.it\/home\/modulistica-e-servizi-online\" target=\"_blank\" rel=\"noopener\">gpdp.it\/home\/modulistica-e-servizi-online<\/a>) o agire in sede giudiziaria.<br \/><\/span><\/p>\n<p>[\/et_pb_text][\/et_pb_column][\/et_pb_row][\/et_pb_section]<\/p>\n","protected":false},"excerpt":{"rendered":"<p>Privacy policy Aggiornata al 20 gennaio 2023Come richiesto dal Garante questo documento \u00e8 stato scritto in maniera comprensibile e trasparente usando un linguaggio chiaro e semplice.Le persone che lavorano in Doc Crew e fanno parte della Rete Doc hanno accesso ai dati e lavorano seguendo gli stessi principi di riservatezza e sicurezza. Andremo ora a [&hellip;]<\/p>\n","protected":false},"author":2,"featured_media":0,"parent":0,"menu_order":0,"comment_status":"closed","ping_status":"closed","template":"","meta":{"_et_pb_use_builder":"on","_et_pb_old_content":"","_et_gb_content_width":"","footnotes":""},"class_list":["post-492","page","type-page","status-publish","hentry"],"_links":{"self":[{"href":"https:\/\/doccrew.retedoc.net\/index.php\/wp-json\/wp\/v2\/pages\/492","targetHints":{"allow":["GET"]}}],"collection":[{"href":"https:\/\/doccrew.retedoc.net\/index.php\/wp-json\/wp\/v2\/pages"}],"about":[{"href":"https:\/\/doccrew.retedoc.net\/index.php\/wp-json\/wp\/v2\/types\/page"}],"author":[{"embeddable":true,"href":"https:\/\/doccrew.retedoc.net\/index.php\/wp-json\/wp\/v2\/users\/2"}],"replies":[{"embeddable":true,"href":"https:\/\/doccrew.retedoc.net\/index.php\/wp-json\/wp\/v2\/comments?post=492"}],"version-history":[{"count":7,"href":"https:\/\/doccrew.retedoc.net\/index.php\/wp-json\/wp\/v2\/pages\/492\/revisions"}],"predecessor-version":[{"id":558,"href":"https:\/\/doccrew.retedoc.net\/index.php\/wp-json\/wp\/v2\/pages\/492\/revisions\/558"}],"wp:attachment":[{"href":"https:\/\/doccrew.retedoc.net\/index.php\/wp-json\/wp\/v2\/media?parent=492"}],"curies":[{"name":"wp","href":"https:\/\/api.w.org\/{rel}","templated":true}]}}