{"id":468,"date":"2023-06-30T14:15:50","date_gmt":"2023-06-30T12:15:50","guid":{"rendered":"https:\/\/doccrew.retedoc.net\/?page_id=468"},"modified":"2023-06-30T15:40:41","modified_gmt":"2023-06-30T13:40:41","slug":"sebastiano-piccione","status":"publish","type":"page","link":"https:\/\/doccrew.retedoc.net\/index.php\/sebastiano-piccione\/","title":{"rendered":"Sebastiano Piccione"},"content":{"rendered":"<p>[et_pb_section fb_built=&#8221;1&#8243; inner_shadow=&#8221;on&#8221; admin_label=&#8221;Header&#8221; _builder_version=&#8221;4.21.0&#8243; _module_preset=&#8221;default&#8221; background_color=&#8221;#000000&#8243; background_enable_image=&#8221;off&#8221; background_enable_video_mp4=&#8221;off&#8221; custom_padding=&#8221;200px||200px||true|false&#8221; collapsed=&#8221;on&#8221; global_colors_info=&#8221;{}&#8221;][et_pb_row _builder_version=&#8221;4.20.0&#8243; _module_preset=&#8221;default&#8221; global_colors_info=&#8221;{}&#8221;][et_pb_column type=&#8221;4_4&#8243; _builder_version=&#8221;4.20.0&#8243; _module_preset=&#8221;default&#8221; global_colors_info=&#8221;{}&#8221;][et_pb_text _builder_version=&#8221;4.21.0&#8243; _module_preset=&#8221;62951bfe-5456-4e79-9c57-4dc8c8b217cb&#8221; text_font=&#8221;|300|||||||&#8221; text_text_color=&#8221;#FFFFFF&#8221; text_font_size=&#8221;20px&#8221; text_line_height=&#8221;2.6em&#8221; header_font=&#8221;|600|||||||&#8221; header_text_align=&#8221;center&#8221; header_text_color=&#8221;#FFFFFF&#8221; header_font_size=&#8221;50px&#8221; header_letter_spacing=&#8221;0em&#8221; header_line_height=&#8221;1.1em&#8221; text_orientation=&#8221;center&#8221; animation_style=&#8221;slide&#8221; animation_direction=&#8221;bottom&#8221; animation_duration=&#8221;1200ms&#8221; hover_enabled=&#8221;0&#8243; global_colors_info=&#8221;{}&#8221; header_font_size_phone=&#8221;40px&#8221; sticky_enabled=&#8221;0&#8243;]<\/p>\n<h1>Sebastiano Piccione<\/h1>\n<p>[\/et_pb_text][\/et_pb_column][\/et_pb_row][\/et_pb_section][et_pb_section fb_built=&#8221;1&#8243; _builder_version=&#8221;4.21.0&#8243; _module_preset=&#8221;default&#8221; global_colors_info=&#8221;{}&#8221;][et_pb_row column_structure=&#8221;2_5,3_5&#8243; _builder_version=&#8221;4.21.0&#8243; _module_preset=&#8221;default&#8221; global_colors_info=&#8221;{}&#8221;][et_pb_column type=&#8221;2_5&#8243; _builder_version=&#8221;4.21.0&#8243; _module_preset=&#8221;default&#8221; global_colors_info=&#8221;{}&#8221;][et_pb_image src=&#8221;https:\/\/doccrew.retedoc.net\/wp-content\/uploads\/2023\/06\/sebastiano-piccione-direttore-produzione.jpeg&#8221; alt=&#8221;sebastiano piccione direttore produzione&#8221; title_text=&#8221;sebastiano-piccione-direttore-produzione&#8221; _builder_version=&#8221;4.21.0&#8243; _module_preset=&#8221;default&#8221; global_colors_info=&#8221;{}&#8221;][\/et_pb_image][\/et_pb_column][et_pb_column type=&#8221;3_5&#8243; _builder_version=&#8221;4.21.0&#8243; _module_preset=&#8221;default&#8221; global_colors_info=&#8221;{}&#8221;][et_pb_text _builder_version=&#8221;4.21.0&#8243; _module_preset=&#8221;default&#8221; global_colors_info=&#8221;{}&#8221;]<\/p>\n<p><strong>Curriculum in breve<\/strong><br \/>Nato a Catania ho iniziato la mia esperienza lavorativa in un agenzia locale\u2026Poi negli anni, notato dalle varie agenzie del Paese, ho iniziato le mie collaborazioni nei tour nazionali\u2026ma come dico sempre: si impara scaricando il camion e spingendo bauli fai esperienza.<\/p>\n<p><strong>Le tue esperienze migliori<\/strong><br \/>Tour: Mango, Antonella Ruggero, MTV, Pooh, Bruce Springsteen.<\/p>\n<p><strong>Le tue esperienze peggiori<\/strong><br \/>Preferisco non parlarne. Il nostro mondo \u00e8 fatto da falsi amici e da gente che \u00e8 diventata qualcuno grazie ad azioni poco legali\u2026ma il tempo ha sempre dato ragione alla professionalit\u00e0.<br \/>Alcuni Artisti\u2026 vanno\u2026<br \/>Alcuni Artisti\u2026 vengono\u2026<br \/>Altri Artisti si diluiscono come nebbia sotto il sole\u2026<\/p>\n<p><strong>Un consiglio (nell\u2019ambito del tuo lavoro)<\/strong><br \/>Fate esperienza, non pensate solo al guadagno e abbiate rispetto nel lavoro degli altri: dal camionista al facchino, fino all\u2019artista sul palco.<\/p>\n<p><strong>Perch\u00e9 sei socio Doc?<\/strong><br \/>Sono in Doc perch\u00e9 \u00e8 una cooperativa che mi d\u00e0 sicurezza in tutte le situazioni e garantisce tanta professionalit\u00e0.<\/p>\n<p><strong>Uno sguardo al futuro<\/strong><br \/>Ho scritto un libro intitolato<span>\u00a0<\/span><a href=\"https:\/\/doccrew.retedoc.net\/wp-content\/uploads\/2021\/03\/libro.png\" target=\"_blank\" rel=\"noopener\"><em>\u201cLa mia vita: che spettacolo!\u201d<\/em><\/a><span>\u00a0<\/span>raccontando la mia vita dietro le quinte e come sono arrivato nel mondo dello spettacolo.<br \/>Mi piacerebbe diventasse un film solo per far capire al pubblico che dietro ad un artista esiste un mondo sommerso di vite umane e di seri professionisti.<\/p>\n<p>[\/et_pb_text][\/et_pb_column][\/et_pb_row][\/et_pb_section][et_pb_section fb_built=&#8221;1&#8243; _builder_version=&#8221;4.21.0&#8243; _module_preset=&#8221;default&#8221; background_color=&#8221;#e1231b&#8221; custom_padding=&#8221;100px||100px||true|false&#8221; global_colors_info=&#8221;{}&#8221;][et_pb_row _builder_version=&#8221;4.21.0&#8243; _module_preset=&#8221;default&#8221; global_colors_info=&#8221;{}&#8221;][et_pb_column type=&#8221;4_4&#8243; _builder_version=&#8221;4.21.0&#8243; _module_preset=&#8221;default&#8221; global_colors_info=&#8221;{}&#8221;][et_pb_text _builder_version=&#8221;4.21.0&#8243; _module_preset=&#8221;default&#8221; text_font=&#8221;|300|||||||&#8221; text_text_color=&#8221;#FFFFFF&#8221; text_font_size=&#8221;20px&#8221; header_font=&#8221;|700|||||||&#8221; header_text_align=&#8221;center&#8221; header_text_color=&#8221;#FFFFFF&#8221; header_font_size=&#8221;40px&#8221; header_line_height=&#8221;1.7em&#8221; text_orientation=&#8221;center&#8221; animation_style=&#8221;slide&#8221; animation_direction=&#8221;bottom&#8221; animation_duration=&#8221;1200ms&#8221; hover_enabled=&#8221;0&#8243; global_colors_info=&#8221;{}&#8221; header_line_height_last_edited=&#8221;on|phone&#8221; header_line_height_phone=&#8221;1.1em&#8221; sticky_enabled=&#8221;0&#8243; header_line_height_tablet=&#8221;1.7em&#8221;]<\/p>\n<h1 class=\"eut-element eut-title eut-align-inherit eut-h3\"><span>Dedicated Support<\/span><\/h1>\n<p><span>Whenever you\u2019re looking for answers, we are here to solve the problem.<\/span><\/p>\n<p>[\/et_pb_text][\/et_pb_column][\/et_pb_row][et_pb_row column_structure=&#8221;1_3,1_3,1_3&#8243; _builder_version=&#8221;4.21.0&#8243; _module_preset=&#8221;default&#8221; global_colors_info=&#8221;{}&#8221;][et_pb_column type=&#8221;1_3&#8243; _builder_version=&#8221;4.21.0&#8243; _module_preset=&#8221;default&#8221; custom_padding=&#8221;||||false|false&#8221; global_colors_info=&#8221;{}&#8221;][et_pb_icon font_icon=&#8221;&#xe027;||divi||400&#8243; icon_color=&#8221;#FFFFFF&#8221; icon_width=&#8221;50px&#8221; _builder_version=&#8221;4.21.0&#8243; _module_preset=&#8221;default&#8221; global_colors_info=&#8221;{}&#8221;][\/et_pb_icon][et_pb_text _builder_version=&#8221;4.21.0&#8243; _module_preset=&#8221;default&#8221; text_text_color=&#8221;#FFFFFF&#8221; text_letter_spacing=&#8221;1px&#8221; text_orientation=&#8221;center&#8221; custom_margin=&#8221;-15px||||false|false&#8221; link_option_url=&#8221;https:\/\/euthemians.ticksy.com\/&#8221; link_option_url_new_window=&#8221;on&#8221; global_colors_info=&#8221;{}&#8221;]<\/p>\n<p>ONLINE SUPPORT<\/p>\n<p>[\/et_pb_text][\/et_pb_column][et_pb_column type=&#8221;1_3&#8243; _builder_version=&#8221;4.21.0&#8243; _module_preset=&#8221;default&#8221; custom_padding=&#8221;||||false|false&#8221; global_colors_info=&#8221;{}&#8221;][et_pb_icon font_icon=&#8221;&#x69;||divi||400&#8243; icon_color=&#8221;#FFFFFF&#8221; icon_width=&#8221;50px&#8221; _builder_version=&#8221;4.21.0&#8243; _module_preset=&#8221;default&#8221; global_colors_info=&#8221;{}&#8221;][\/et_pb_icon][et_pb_text _builder_version=&#8221;4.21.0&#8243; _module_preset=&#8221;default&#8221; text_text_color=&#8221;#FFFFFF&#8221; text_letter_spacing=&#8221;1px&#8221; text_orientation=&#8221;center&#8221; custom_margin=&#8221;-15px||||false|false&#8221; link_option_url=&#8221;https:\/\/docs.euthemians.com\/&#8221; link_option_url_new_window=&#8221;on&#8221; global_colors_info=&#8221;{}&#8221;]<\/p>\n<p>KNOWLEDGE BASE<\/p>\n<p>[\/et_pb_text][\/et_pb_column][et_pb_column type=&#8221;1_3&#8243; _builder_version=&#8221;4.21.0&#8243; _module_preset=&#8221;default&#8221; global_colors_info=&#8221;{}&#8221;][et_pb_icon font_icon=&#8221;&#xf03d;||fa||900&#8243; icon_color=&#8221;#FFFFFF&#8221; icon_width=&#8221;50px&#8221; _builder_version=&#8221;4.21.0&#8243; _module_preset=&#8221;default&#8221; global_colors_info=&#8221;{}&#8221;][\/et_pb_icon][et_pb_text _builder_version=&#8221;4.21.0&#8243; _module_preset=&#8221;default&#8221; text_text_color=&#8221;#FFFFFF&#8221; text_letter_spacing=&#8221;1px&#8221; text_orientation=&#8221;center&#8221; custom_margin=&#8221;-15px||||false|false&#8221; link_option_url=&#8221;https:\/\/www.youtube.com\/c\/EuthemiansTeam&#8221; link_option_url_new_window=&#8221;on&#8221; global_colors_info=&#8221;{}&#8221;]<\/p>\n<p>VIDEO TUTORIAL<\/p>\n<p>[\/et_pb_text][\/et_pb_column][\/et_pb_row][\/et_pb_section]<\/p>\n","protected":false},"excerpt":{"rendered":"<p>Sebastiano PiccioneCurriculum in breveNato a Catania ho iniziato la mia esperienza lavorativa in un agenzia locale\u2026Poi negli anni, notato dalle varie agenzie del Paese, ho iniziato le mie collaborazioni nei tour nazionali\u2026ma come dico sempre: si impara scaricando il camion e spingendo bauli fai esperienza. Le tue esperienze miglioriTour: Mango, Antonella Ruggero, MTV, Pooh, Bruce [&hellip;]<\/p>\n","protected":false},"author":2,"featured_media":0,"parent":0,"menu_order":0,"comment_status":"closed","ping_status":"closed","template":"","meta":{"_et_pb_use_builder":"on","_et_pb_old_content":"","_et_gb_content_width":"","footnotes":""},"class_list":["post-468","page","type-page","status-publish","hentry"],"_links":{"self":[{"href":"https:\/\/doccrew.retedoc.net\/index.php\/wp-json\/wp\/v2\/pages\/468","targetHints":{"allow":["GET"]}}],"collection":[{"href":"https:\/\/doccrew.retedoc.net\/index.php\/wp-json\/wp\/v2\/pages"}],"about":[{"href":"https:\/\/doccrew.retedoc.net\/index.php\/wp-json\/wp\/v2\/types\/page"}],"author":[{"embeddable":true,"href":"https:\/\/doccrew.retedoc.net\/index.php\/wp-json\/wp\/v2\/users\/2"}],"replies":[{"embeddable":true,"href":"https:\/\/doccrew.retedoc.net\/index.php\/wp-json\/wp\/v2\/comments?post=468"}],"version-history":[{"count":14,"href":"https:\/\/doccrew.retedoc.net\/index.php\/wp-json\/wp\/v2\/pages\/468\/revisions"}],"predecessor-version":[{"id":522,"href":"https:\/\/doccrew.retedoc.net\/index.php\/wp-json\/wp\/v2\/pages\/468\/revisions\/522"}],"wp:attachment":[{"href":"https:\/\/doccrew.retedoc.net\/index.php\/wp-json\/wp\/v2\/media?parent=468"}],"curies":[{"name":"wp","href":"https:\/\/api.w.org\/{rel}","templated":true}]}}