{"id":147,"date":"2023-05-24T17:11:00","date_gmt":"2023-05-24T15:11:00","guid":{"rendered":"https:\/\/doccrew.retedoc.net\/?page_id=147"},"modified":"2023-07-11T10:22:47","modified_gmt":"2023-07-11T08:22:47","slug":"home","status":"publish","type":"page","link":"https:\/\/doccrew.retedoc.net\/","title":{"rendered":"Home"},"content":{"rendered":"<p>[et_pb_section fb_built=&#8221;1&#8243; inner_shadow=&#8221;on&#8221; admin_label=&#8221;Header&#8221; _builder_version=&#8221;4.21.0&#8243; _module_preset=&#8221;default&#8221; background_enable_image=&#8221;off&#8221; background_video_mp4=&#8221;https:\/\/doccrew.retedoc.net\/wp-content\/uploads\/2023\/05\/professione-spettacolo-doc-crew.mp4&#8243; custom_padding=&#8221;300px||300px||true|false&#8221; collapsed=&#8221;on&#8221; global_colors_info=&#8221;{}&#8221;][et_pb_row _builder_version=&#8221;4.20.0&#8243; _module_preset=&#8221;default&#8221; global_colors_info=&#8221;{}&#8221;][et_pb_column type=&#8221;4_4&#8243; _builder_version=&#8221;4.20.0&#8243; _module_preset=&#8221;default&#8221; global_colors_info=&#8221;{}&#8221;][et_pb_text _builder_version=&#8221;4.21.0&#8243; _module_preset=&#8221;62951bfe-5456-4e79-9c57-4dc8c8b217cb&#8221; header_font=&#8221;|700|||||||&#8221; header_text_color=&#8221;#FFFFFF&#8221; header_font_size=&#8221;70px&#8221; header_letter_spacing=&#8221;0em&#8221; header_line_height=&#8221;1.1em&#8221; text_orientation=&#8221;center&#8221; animation_style=&#8221;slide&#8221; animation_direction=&#8221;left&#8221; global_colors_info=&#8221;{}&#8221;]<\/p>\n<h1>La pi\u00f9 grande rete di tecnici professionisti dello spettacolo<\/h1>\n<p>[\/et_pb_text][\/et_pb_column][\/et_pb_row][\/et_pb_section][et_pb_section fb_built=&#8221;1&#8243; _builder_version=&#8221;4.21.0&#8243; _module_preset=&#8221;default&#8221; custom_padding=&#8221;100px||100px||true|false&#8221; global_colors_info=&#8221;{}&#8221;][et_pb_row _builder_version=&#8221;4.21.0&#8243; _module_preset=&#8221;default&#8221; global_colors_info=&#8221;{}&#8221;][et_pb_column type=&#8221;4_4&#8243; _builder_version=&#8221;4.21.0&#8243; _module_preset=&#8221;default&#8221; global_colors_info=&#8221;{}&#8221;][et_pb_text _builder_version=&#8221;4.21.0&#8243; _module_preset=&#8221;default&#8221; text_font=&#8221;|300|||||||&#8221; text_font_size=&#8221;11px&#8221; text_letter_spacing=&#8221;1px&#8221; text_line_height=&#8221;2.3em&#8221; header_font=&#8221;|700|||||||&#8221; header_font_size=&#8221;40px&#8221; header_2_font=&#8221;|700|||||||&#8221; header_2_text_align=&#8221;center&#8221; header_2_font_size=&#8221;30px&#8221; text_orientation=&#8221;center&#8221; animation_style=&#8221;slide&#8221; animation_direction=&#8221;left&#8221; animation_duration=&#8221;1200ms&#8221; global_colors_info=&#8221;{}&#8221;]<\/p>\n<h1>Doc Crew<\/h1>\n<p>IL CIRCUITO DI DOC SERVIZI PER LA REALIZZAZIONE DEL TUO EVENTO<\/p>\n<p>[\/et_pb_text][et_pb_text _builder_version=&#8221;4.21.0&#8243; _module_preset=&#8221;default&#8221; text_font_size=&#8221;15px&#8221; text_line_height=&#8221;1.5em&#8221; text_orientation=&#8221;center&#8221; animation_style=&#8221;slide&#8221; animation_direction=&#8221;left&#8221; animation_duration=&#8221;1200ms&#8221; global_colors_info=&#8221;{}&#8221;]<\/p>\n<p><strong>Doc Crew<\/strong><span>\u00a0\u00e8 la pi\u00f9 grande rete di<\/span><strong><span>\u00a0<\/span>tecnici professionisti<\/strong><span>\u00a0dello\u00a0<\/span><strong>spettacolo<\/strong><span>.<\/span><br \/><span>Fornisce servizi tecnici\u00a0<\/span><strong>audio<\/strong><span>,\u00a0<\/span><strong>luci<\/strong><span>,\u00a0<\/span><strong>video<\/strong><span>,\u00a0<\/span><strong>produzione<\/strong><span>,\u00a0<\/span><strong>rigging<\/strong><span>,\u00a0<\/span><strong>scaffolding<\/strong><span>,\u00a0<\/span><strong>effetti speciali<\/strong><span>\u00a0e molto altro!<\/span><\/p>\n<p>[\/et_pb_text][\/et_pb_column][\/et_pb_row][et_pb_row column_structure=&#8221;1_3,1_3,1_3&#8243; _builder_version=&#8221;4.21.0&#8243; _module_preset=&#8221;default&#8221; custom_padding=&#8221;50px||||false|false&#8221; global_colors_info=&#8221;{}&#8221;][et_pb_column type=&#8221;1_3&#8243; _builder_version=&#8221;4.21.0&#8243; _module_preset=&#8221;default&#8221; global_colors_info=&#8221;{}&#8221;][et_pb_text _builder_version=&#8221;4.21.0&#8243; _module_preset=&#8221;default&#8221; text_font=&#8221;|300|||||||&#8221; text_font_size=&#8221;11px&#8221; text_letter_spacing=&#8221;1px&#8221; text_line_height=&#8221;2.3em&#8221; header_font=&#8221;|700|||||||&#8221; header_font_size=&#8221;40px&#8221; header_2_font=&#8221;|700|||||||&#8221; header_2_text_align=&#8221;center&#8221; header_2_font_size=&#8221;30px&#8221; text_orientation=&#8221;center&#8221; animation_style=&#8221;slide&#8221; animation_direction=&#8221;left&#8221; animation_duration=&#8221;1200ms&#8221; global_colors_info=&#8221;{}&#8221;]<\/p>\n<h1>+ 11.000<\/h1>\n<p>CLIENTI<\/p>\n<p>[\/et_pb_text][\/et_pb_column][et_pb_column type=&#8221;1_3&#8243; _builder_version=&#8221;4.21.0&#8243; _module_preset=&#8221;default&#8221; global_colors_info=&#8221;{}&#8221;][et_pb_text _builder_version=&#8221;4.21.0&#8243; _module_preset=&#8221;default&#8221; text_font=&#8221;|300|||||||&#8221; text_font_size=&#8221;11px&#8221; text_letter_spacing=&#8221;1px&#8221; text_line_height=&#8221;2.3em&#8221; header_font=&#8221;|700|||||||&#8221; header_font_size=&#8221;40px&#8221; header_2_font=&#8221;|700|||||||&#8221; header_2_text_align=&#8221;center&#8221; header_2_font_size=&#8221;30px&#8221; text_orientation=&#8221;center&#8221; animation_style=&#8221;slide&#8221; animation_direction=&#8221;left&#8221; animation_duration=&#8221;1200ms&#8221; global_colors_info=&#8221;{}&#8221;]<\/p>\n<h1>+ 4.200<\/h1>\n<p>EVENTI<\/p>\n<p>[\/et_pb_text][\/et_pb_column][et_pb_column type=&#8221;1_3&#8243; _builder_version=&#8221;4.21.0&#8243; _module_preset=&#8221;default&#8221; global_colors_info=&#8221;{}&#8221;][et_pb_text _builder_version=&#8221;4.21.0&#8243; _module_preset=&#8221;default&#8221; text_font=&#8221;|300|||||||&#8221; text_font_size=&#8221;11px&#8221; text_letter_spacing=&#8221;1px&#8221; text_line_height=&#8221;2.3em&#8221; header_font=&#8221;|700|||||||&#8221; header_font_size=&#8221;40px&#8221; header_2_font=&#8221;|700|||||||&#8221; header_2_text_align=&#8221;center&#8221; header_2_font_size=&#8221;30px&#8221; text_orientation=&#8221;center&#8221; animation_style=&#8221;slide&#8221; animation_direction=&#8221;left&#8221; animation_duration=&#8221;1200ms&#8221; global_colors_info=&#8221;{}&#8221;]<\/p>\n<h1>+ 2.500<\/h1>\n<p>TECNICI<\/p>\n<p>[\/et_pb_text][\/et_pb_column][\/et_pb_row][\/et_pb_section][et_pb_section fb_built=&#8221;1&#8243; _builder_version=&#8221;4.21.0&#8243; _module_preset=&#8221;default&#8221; background_color=&#8221;#eaeaea&#8221; custom_padding=&#8221;100px||100px||true|false&#8221; global_colors_info=&#8221;{}&#8221;][et_pb_row _builder_version=&#8221;4.21.0&#8243; _module_preset=&#8221;default&#8221; global_colors_info=&#8221;{}&#8221;][et_pb_column type=&#8221;4_4&#8243; _builder_version=&#8221;4.21.0&#8243; _module_preset=&#8221;default&#8221; global_colors_info=&#8221;{}&#8221;][et_pb_text _builder_version=&#8221;4.21.0&#8243; _module_preset=&#8221;default&#8221; text_font=&#8221;|300|||||||&#8221; text_font_size=&#8221;11px&#8221; text_letter_spacing=&#8221;1px&#8221; text_line_height=&#8221;2.3em&#8221; header_font=&#8221;|700|||||||&#8221; header_font_size=&#8221;36px&#8221; header_2_font=&#8221;|700|||||||&#8221; header_2_text_align=&#8221;center&#8221; header_2_font_size=&#8221;30px&#8221; text_orientation=&#8221;center&#8221; animation_style=&#8221;slide&#8221; animation_direction=&#8221;left&#8221; animation_duration=&#8221;1200ms&#8221; global_colors_info=&#8221;{}&#8221;]<\/p>\n<h1>Scopri tutti i nostri vantaggi<\/h1>\n<p>ENTRA IN DOC CREW<\/p>\n<p>[\/et_pb_text][\/et_pb_column][\/et_pb_row][et_pb_row column_structure=&#8221;1_2,1_2&#8243; _builder_version=&#8221;4.21.0&#8243; _module_preset=&#8221;default&#8221; global_colors_info=&#8221;{}&#8221;][et_pb_column type=&#8221;1_2&#8243; _builder_version=&#8221;4.21.0&#8243; _module_preset=&#8221;default&#8221; global_colors_info=&#8221;{}&#8221;][et_pb_text _builder_version=&#8221;4.21.0&#8243; _module_preset=&#8221;default&#8221; text_line_height=&#8221;1.5em&#8221; header_5_font=&#8221;|600|||||||&#8221; header_5_font_size=&#8221;18px&#8221; animation_style=&#8221;fade&#8221; animation_duration=&#8221;1200ms&#8221; global_colors_info=&#8221;{}&#8221;]<\/p>\n<h5><span style=\"color: #e1231b;\">01<\/span> Vantaggi per i clienti<\/h5>\n<p><span>Una squadra di professionisti che operano nel pieno rispetto<\/span><br \/><span>delle norme vigenti in materia di sicurezza.<\/span><\/p>\n<p>[\/et_pb_text][et_pb_button button_url=&#8221;https:\/\/doccrew.retedoc.net\/index.php\/vantaggi-per-i-clienti\/&#8221; button_text=&#8221;Scopri di pi\u00f9&#8221; _builder_version=&#8221;4.21.0&#8243; _module_preset=&#8221;default&#8221; animation_style=&#8221;fade&#8221; animation_duration=&#8221;1200ms&#8221; global_colors_info=&#8221;{}&#8221;][\/et_pb_button][\/et_pb_column][et_pb_column type=&#8221;1_2&#8243; _builder_version=&#8221;4.21.0&#8243; _module_preset=&#8221;default&#8221; global_colors_info=&#8221;{}&#8221;][et_pb_text _builder_version=&#8221;4.21.0&#8243; _module_preset=&#8221;default&#8221; text_line_height=&#8221;1.5em&#8221; header_5_font=&#8221;|600|||||||&#8221; header_5_font_size=&#8221;18px&#8221; animation_style=&#8221;fade&#8221; animation_duration=&#8221;1200ms&#8221; global_colors_info=&#8221;{}&#8221;]<\/p>\n<h5><span style=\"color: #e1231b;\">02<\/span> Vantaggi per i tecnici<\/h5>\n<div class=\"eut-element eut-text eut-animated-item eut-fade-in eut-duration-normal eut-animated\" data-delay=\"150\">\n<p>Tutela e sicurezza sul luogo di lavoro, formazione professionale<br \/>continua e molto altro! Scopri tutti i vantaggi per i tecnici.<\/p>\n<\/div>\n<p>[\/et_pb_text][et_pb_button button_url=&#8221;https:\/\/doccrew.retedoc.net\/index.php\/vantaggi-per-i-tecnici\/&#8221; button_text=&#8221;Scopri di pi\u00f9&#8221; _builder_version=&#8221;4.21.0&#8243; _module_preset=&#8221;default&#8221; animation_style=&#8221;fade&#8221; animation_duration=&#8221;1200ms&#8221; global_colors_info=&#8221;{}&#8221;][\/et_pb_button][\/et_pb_column][\/et_pb_row][\/et_pb_section][et_pb_section fb_built=&#8221;1&#8243; admin_label=&#8221;Projects&#8221; _builder_version=&#8221;4.20.0&#8243; _module_preset=&#8221;default&#8221; collapsed=&#8221;on&#8221; global_colors_info=&#8221;{}&#8221;][et_pb_row _builder_version=&#8221;4.21.0&#8243; _module_preset=&#8221;default&#8221; global_colors_info=&#8221;{}&#8221;][et_pb_column type=&#8221;4_4&#8243; _builder_version=&#8221;4.21.0&#8243; _module_preset=&#8221;default&#8221; global_colors_info=&#8221;{}&#8221;][et_pb_text _builder_version=&#8221;4.21.0&#8243; _module_preset=&#8221;default&#8221; header_font=&#8221;|700|||||||&#8221; header_text_align=&#8221;center&#8221; header_font_size=&#8221;35px&#8221; animation_style=&#8221;slide&#8221; animation_direction=&#8221;left&#8221; animation_duration=&#8221;1200ms&#8221; global_colors_info=&#8221;{}&#8221;]<\/p>\n<h1 class=\"eut-element eut-typed-text eut-align-center eut-h3\"><span class=\"eut-typed-text-prefix\">Doc Crew<\/span><span>\u00a0<\/span><span class=\"eut-animated-text eut-text-primary-1\" style=\"color: #e1231b;\"><span id=\"eut-typed-item-6470b06335e95\">servizi tecnici altamente specializzati<\/span><\/span><\/h1>\n<p>[\/et_pb_text][\/et_pb_column][\/et_pb_row][\/et_pb_section][et_pb_section fb_built=&#8221;1&#8243; fullwidth=&#8221;on&#8221; _builder_version=&#8221;4.21.0&#8243; _module_preset=&#8221;default&#8221; use_background_color_gradient=&#8221;on&#8221; background_color_gradient_stops=&#8221;rgba(0,0,0,0.44) 0%|rgba(0,0,0,0.44) 100%&#8221; background_color_gradient_overlays_image=&#8221;on&#8221; background_image=&#8221;https:\/\/doccrew.retedoc.net\/wp-content\/uploads\/2023\/05\/tecnici-luci-doc-crew.jpeg&#8221; custom_padding=&#8221;50px||50px||true|false&#8221; global_colors_info=&#8221;{}&#8221;][et_pb_fullwidth_slider _builder_version=&#8221;4.21.0&#8243; _module_preset=&#8221;default&#8221; background_enable_image=&#8221;off&#8221; global_colors_info=&#8221;{}&#8221;][et_pb_slide heading=&#8221;Dicono di noi&#8221; _builder_version=&#8221;4.21.0&#8243; _module_preset=&#8221;default&#8221; header_font=&#8221;|700|||||||&#8221; header_letter_spacing=&#8221;0px&#8221; body_font_size=&#8221;15px&#8221; background_enable_color=&#8221;off&#8221; background_enable_image=&#8221;off&#8221; global_colors_info=&#8221;{}&#8221; sticky_transition=&#8221;on&#8221;]<\/p>\n<p>La cooperativa ha un considerevole numero di tecnici disponibili preparati e formati. Tutta<br \/>l&#8217;organizzazione \u00e8 sempre pronta a risolvere le nostre necessit\u00e0 nel modo e nei tempi pi\u00f9 adeguati:<br \/>prontezza nella produzione di documenti sulla sicurezza e disponibilit\u00e0 assoluta nel dare le informazioni<br \/>necessarie riguardanti il settore. Il sistema informatico \u00e8 innovativo nella gestione delle chiamate dei<br \/>tecnici e del resoconto finale mensile.<\/p>\n<p><span style=\"font-size: small;\"><strong>GIANNI DE MASI e PAOLO BOSCOLO<\/strong> &#8211; IMPUT SRL<\/span><\/p>\n<p>[\/et_pb_slide][et_pb_slide heading=&#8221;Dicono di noi&#8221; _builder_version=&#8221;4.21.0&#8243; _module_preset=&#8221;default&#8221; header_font=&#8221;|700|||||||&#8221; header_letter_spacing=&#8221;0px&#8221; body_font_size=&#8221;15px&#8221; background_enable_color=&#8221;off&#8221; background_enable_image=&#8221;off&#8221; global_colors_info=&#8221;{}&#8221; sticky_transition=&#8221;on&#8221;]<\/p>\n<p>Ho scelto Doc Crew perch\u00e9 per me \u00e8 sinonimo di professionalit\u00e0 e seriet\u00e0, perch\u00e9 il rapporto<br \/>che ci lega non \u00e8 semplicemente quello di clienti-fornitori, ma \u00e8 sempre pi\u00f9 di consulenza,<br \/>nella ricerca comune di soluzioni, perch\u00e9 \u00e8 una collaborazione con una forte identit\u00e0 umana,<br \/>e io sono convinta che questo faccia la differenza.<\/p>\n<p><span style=\"font-size: small;\"><strong>ALESSANDRA SANTORO<\/strong> &#8211; STS COMMUNICATION<\/span><\/p>\n<p>[\/et_pb_slide][\/et_pb_fullwidth_slider][\/et_pb_section][et_pb_section fb_built=&#8221;1&#8243; admin_label=&#8221;Projects&#8221; _builder_version=&#8221;4.20.0&#8243; _module_preset=&#8221;default&#8221; min_height=&#8221;1105.2px&#8221; collapsed=&#8221;on&#8221; global_colors_info=&#8221;{}&#8221;][et_pb_row _builder_version=&#8221;4.21.0&#8243; _module_preset=&#8221;default&#8221; global_colors_info=&#8221;{}&#8221;][et_pb_column type=&#8221;4_4&#8243; _builder_version=&#8221;4.21.0&#8243; _module_preset=&#8221;default&#8221; global_colors_info=&#8221;{}&#8221;][et_pb_text _builder_version=&#8221;4.21.0&#8243; _module_preset=&#8221;default&#8221; header_font=&#8221;|700|||||||&#8221; header_text_align=&#8221;center&#8221; header_font_size=&#8221;35px&#8221; animation_style=&#8221;slide&#8221; animation_direction=&#8221;left&#8221; animation_duration=&#8221;1200ms&#8221; global_colors_info=&#8221;{}&#8221;]<\/p>\n<h1 class=\"eut-element eut-typed-text eut-align-center eut-h3\"><span class=\"eut-typed-text-prefix\">Doc Servizi<\/span><span>\u00a0<\/span><span class=\"eut-animated-text eut-text-primary-1\" style=\"color: #e1231b;\"><span id=\"eut-typed-item-6470b06335e95\">l&#8217;area tecnica<\/span><\/span><\/h1>\n<p>[\/et_pb_text][\/et_pb_column][\/et_pb_row][et_pb_row column_structure=&#8221;1_2,1_2&#8243; _builder_version=&#8221;4.21.0&#8243; _module_preset=&#8221;default&#8221; global_colors_info=&#8221;{}&#8221;][et_pb_column type=&#8221;1_2&#8243; _builder_version=&#8221;4.21.0&#8243; _module_preset=&#8221;default&#8221; global_colors_info=&#8221;{}&#8221;][et_pb_image src=&#8221;https:\/\/doccrew.retedoc.net\/wp-content\/uploads\/2023\/05\/logo-doc-formazione-web.png&#8221; alt=&#8221;logo doc formazione&#8221; title_text=&#8221;logo-doc-formazione-web&#8221; url=&#8221;https:\/\/docformazione.retedoc.net\/&#8221; _builder_version=&#8221;4.21.0&#8243; _module_preset=&#8221;default&#8221; global_colors_info=&#8221;{}&#8221;][\/et_pb_image][et_pb_image src=&#8221;https:\/\/doccrew.retedoc.net\/wp-content\/uploads\/2023\/05\/logo-doc-drones.png&#8221; alt=&#8221;logo doc drones&#8221; title_text=&#8221;logo-doc-drones&#8221; url=&#8221;https:\/\/newdocdrones.retedoc.net\/&#8221; _builder_version=&#8221;4.21.0&#8243; _module_preset=&#8221;default&#8221; global_colors_info=&#8221;{}&#8221;][\/et_pb_image][\/et_pb_column][et_pb_column type=&#8221;1_2&#8243; _builder_version=&#8221;4.21.0&#8243; _module_preset=&#8221;default&#8221; global_colors_info=&#8221;{}&#8221;][et_pb_image src=&#8221;https:\/\/doccrew.retedoc.net\/wp-content\/uploads\/2023\/05\/logo-tech-academy.png&#8221; alt=&#8221;logo tech academy&#8221; title_text=&#8221;logo-tech-academy&#8221; _builder_version=&#8221;4.21.0&#8243; _module_preset=&#8221;default&#8221; global_colors_info=&#8221;{}&#8221;][\/et_pb_image][et_pb_image src=&#8221;https:\/\/doccrew.retedoc.net\/wp-content\/uploads\/2023\/05\/logo-stea.png&#8221; alt=&#8221;logo stea&#8221; title_text=&#8221;logo-stea&#8221; url=&#8221;https:\/\/steacoop.retedoc.net\/&#8221; _builder_version=&#8221;4.21.0&#8243; _module_preset=&#8221;default&#8221; global_colors_info=&#8221;{}&#8221;][\/et_pb_image][\/et_pb_column][\/et_pb_row][et_pb_row _builder_version=&#8221;4.21.0&#8243; _module_preset=&#8221;default&#8221; custom_padding=&#8221;70px||||false|false&#8221; global_colors_info=&#8221;{}&#8221;][et_pb_column type=&#8221;4_4&#8243; _builder_version=&#8221;4.21.0&#8243; _module_preset=&#8221;default&#8221; global_colors_info=&#8221;{}&#8221;][et_pb_text _builder_version=&#8221;4.21.0&#8243; _module_preset=&#8221;default&#8221; text_font=&#8221;|300|||||||&#8221; text_line_height=&#8221;3em&#8221; header_font=&#8221;|300|||||||&#8221; header_text_align=&#8221;center&#8221; header_font_size=&#8221;35px&#8221; header_line_height=&#8221;1.3em&#8221; text_orientation=&#8221;center&#8221; animation_style=&#8221;slide&#8221; animation_direction=&#8221;left&#8221; animation_duration=&#8221;1200ms&#8221; global_colors_info=&#8221;{}&#8221;]<\/p>\n<h1 class=\"eut-element eut-title eut-align-inherit eut-h5\"><span>Doc Crew. Servizi tecnici audio, luci, video, produzione, rigging, scaffolding, effetti speciali e molto altro.<\/span><\/h1>\n<p><span><a href=\"https:\/\/www.facebook.com\/DocCrew\/\">FACEBOOK<\/a> &#8211; <a href=\"https:\/\/www.instagram.com\/wearedoccrew\/\">INSTAGRAM<\/a> &#8211; <a href=\"https:\/\/www.linkedin.com\/company\/doc-crew\/\">LINKEDIN<\/a><\/span><\/p>\n<p>[\/et_pb_text][\/et_pb_column][\/et_pb_row][\/et_pb_section][et_pb_section fb_built=&#8221;1&#8243; fullwidth=&#8221;on&#8221; _builder_version=&#8221;4.21.0&#8243; _module_preset=&#8221;default&#8221; custom_margin=&#8221;||||false|false&#8221; custom_padding=&#8221;||||false|false&#8221; global_colors_info=&#8221;{}&#8221;][et_pb_fullwidth_code _builder_version=&#8221;4.21.0&#8243; _module_preset=&#8221;default&#8221; custom_margin=&#8221;||||false|false&#8221; custom_padding=&#8221;||||false|false&#8221; hover_enabled=&#8221;0&#8243; global_colors_info=&#8221;{}&#8221; sticky_enabled=&#8221;0&#8243;]<iframe loading=\"lazy\" src=\"https:\/\/www.google.com\/maps\/d\/embed?mid=1JDRKM_h67y9x4EV3pvOT264Vy6JX_IkE&#038;ehbc=2E312F\" width=\"100%\" height=\"580\"><\/iframe>[\/et_pb_fullwidth_code][\/et_pb_section]<\/p>\n","protected":false},"excerpt":{"rendered":"<p>La pi\u00f9 grande rete di tecnici professionisti dello spettacoloDoc Crew IL CIRCUITO DI DOC SERVIZI PER LA REALIZZAZIONE DEL TUO EVENTODoc Crew\u00a0\u00e8 la pi\u00f9 grande rete di\u00a0tecnici professionisti\u00a0dello\u00a0spettacolo.Fornisce servizi tecnici\u00a0audio,\u00a0luci,\u00a0video,\u00a0produzione,\u00a0rigging,\u00a0scaffolding,\u00a0effetti speciali\u00a0e molto altro!+ 11.000 CLIENTI+ 4.200 EVENTI+ 2.500 TECNICIScopri tutti i nostri vantaggi ENTRA IN DOC CREW01 Vantaggi per i clienti Una squadra di professionisti [&hellip;]<\/p>\n","protected":false},"author":2,"featured_media":0,"parent":0,"menu_order":0,"comment_status":"closed","ping_status":"closed","template":"","meta":{"_et_pb_use_builder":"on","_et_pb_old_content":"","_et_gb_content_width":"","footnotes":""},"class_list":["post-147","page","type-page","status-publish","hentry"],"_links":{"self":[{"href":"https:\/\/doccrew.retedoc.net\/index.php\/wp-json\/wp\/v2\/pages\/147","targetHints":{"allow":["GET"]}}],"collection":[{"href":"https:\/\/doccrew.retedoc.net\/index.php\/wp-json\/wp\/v2\/pages"}],"about":[{"href":"https:\/\/doccrew.retedoc.net\/index.php\/wp-json\/wp\/v2\/types\/page"}],"author":[{"embeddable":true,"href":"https:\/\/doccrew.retedoc.net\/index.php\/wp-json\/wp\/v2\/users\/2"}],"replies":[{"embeddable":true,"href":"https:\/\/doccrew.retedoc.net\/index.php\/wp-json\/wp\/v2\/comments?post=147"}],"version-history":[{"count":69,"href":"https:\/\/doccrew.retedoc.net\/index.php\/wp-json\/wp\/v2\/pages\/147\/revisions"}],"predecessor-version":[{"id":555,"href":"https:\/\/doccrew.retedoc.net\/index.php\/wp-json\/wp\/v2\/pages\/147\/revisions\/555"}],"wp:attachment":[{"href":"https:\/\/doccrew.retedoc.net\/index.php\/wp-json\/wp\/v2\/media?parent=147"}],"curies":[{"name":"wp","href":"https:\/\/api.w.org\/{rel}","templated":true}]}}